{"id":10,"date":"2018-03-29T16:01:23","date_gmt":"2018-03-29T14:01:23","guid":{"rendered":"http:\/\/zlomujemy.com.pl\/?page_id=10"},"modified":"2020-11-12T23:08:40","modified_gmt":"2020-11-12T22:08:40","slug":"skup_samochodow","status":"publish","type":"page","link":"https:\/\/zlomujemy.com.pl\/index.php\/skup_samochodow\/","title":{"rendered":"Skup samochod\u00f3w"},"content":{"rendered":"<p>Chcesz sprzeda\u0107 sw\u00f3j dotychczasowy samoch\u00f3d. Do nas mo\u017cesz dzwoni\u0107 7 dni w tygodniu. Wycenimy Twoje auto, tak aby obie strony by\u0142y zadowolone.<\/p>\n<p>Skup samochod\u00f3w Katowice\u00a0 \u00a0 \u00a0 \u00a0 \u00a0 \u00a0 \u00a0 \u00a0 \u00a0 \u00a0 \u00a0 \u00a0 \u00a0 \u00a0 \u00a0 \u00a0 \u00a0 \u00a0 \u00a0 \u00a0 \u00a0 \u00a0 \u00a0 \u00a0 \u00a0 \u00a0 \u00a0\u00a0<img loading=\"lazy\" decoding=\"async\" class=\"alignnone size-medium wp-image-99\" src=\"http:\/\/zlomujemy.com.pl\/wp-content\/uploads\/2020\/11\/4-300x225.jpg\" alt=\"\" width=\"300\" height=\"225\" srcset=\"https:\/\/zlomujemy.com.pl\/wp-content\/uploads\/2020\/11\/4-300x225.jpg 300w, https:\/\/zlomujemy.com.pl\/wp-content\/uploads\/2020\/11\/4-768x576.jpg 768w, https:\/\/zlomujemy.com.pl\/wp-content\/uploads\/2020\/11\/4.jpg 1024w\" sizes=\"(max-width: 300px) 85vw, 300px\" \/><\/p>\n<p>Skup samochod\u00f3w Miko\u0142\u00f3w\u00a0 \u00a0 \u00a0 \u00a0 \u00a0 \u00a0 \u00a0 \u00a0 \u00a0 \u00a0 \u00a0 \u00a0 \u00a0 \u00a0 \u00a0 \u00a0 \u00a0 \u00a0 \u00a0 \u00a0 \u00a0 \u00a0 \u00a0 \u00a0 \u00a0 \u00a0 \u00a0 \u00a0<img loading=\"lazy\" decoding=\"async\" class=\"alignnone size-medium wp-image-97\" src=\"http:\/\/zlomujemy.com.pl\/wp-content\/uploads\/2020\/11\/1-300x225.jpg\" alt=\"\" width=\"300\" height=\"225\" srcset=\"https:\/\/zlomujemy.com.pl\/wp-content\/uploads\/2020\/11\/1-300x225.jpg 300w, https:\/\/zlomujemy.com.pl\/wp-content\/uploads\/2020\/11\/1-768x576.jpg 768w, https:\/\/zlomujemy.com.pl\/wp-content\/uploads\/2020\/11\/1-1024x768.jpg 1024w, https:\/\/zlomujemy.com.pl\/wp-content\/uploads\/2020\/11\/1-1200x900.jpg 1200w\" sizes=\"(max-width: 300px) 85vw, 300px\" \/><\/p>\n<p>Skup samochod\u00f3w Mys\u0142owice\u00a0 \u00a0 \u00a0 \u00a0 \u00a0 \u00a0 \u00a0 \u00a0 \u00a0 \u00a0 \u00a0 \u00a0 \u00a0 \u00a0 \u00a0 \u00a0 \u00a0 \u00a0 \u00a0 \u00a0 \u00a0 \u00a0 \u00a0 \u00a0 \u00a0 \u00a0<img loading=\"lazy\" decoding=\"async\" class=\"alignnone size-medium wp-image-102\" src=\"http:\/\/zlomujemy.com.pl\/wp-content\/uploads\/2020\/11\/IMG_4548-300x225.jpg\" alt=\"\" width=\"300\" height=\"225\" srcset=\"https:\/\/zlomujemy.com.pl\/wp-content\/uploads\/2020\/11\/IMG_4548-300x225.jpg 300w, https:\/\/zlomujemy.com.pl\/wp-content\/uploads\/2020\/11\/IMG_4548-768x576.jpg 768w, https:\/\/zlomujemy.com.pl\/wp-content\/uploads\/2020\/11\/IMG_4548-1024x768.jpg 1024w, https:\/\/zlomujemy.com.pl\/wp-content\/uploads\/2020\/11\/IMG_4548-1200x900.jpg 1200w\" sizes=\"(max-width: 300px) 85vw, 300px\" \/><\/p>\n<p>Skup samochod\u00f3w Sosnowiec\u00a0 \u00a0 \u00a0 \u00a0 \u00a0 \u00a0 \u00a0 \u00a0 \u00a0 \u00a0 \u00a0 \u00a0 \u00a0 \u00a0 \u00a0 \u00a0 \u00a0 \u00a0 \u00a0 \u00a0 \u00a0 \u00a0 \u00a0 \u00a0 \u00a0 \u00a0<img loading=\"lazy\" decoding=\"async\" class=\"alignnone size-medium wp-image-100\" src=\"http:\/\/zlomujemy.com.pl\/wp-content\/uploads\/2020\/11\/3-300x225.jpg\" alt=\"\" width=\"300\" height=\"225\" srcset=\"https:\/\/zlomujemy.com.pl\/wp-content\/uploads\/2020\/11\/3-300x225.jpg 300w, https:\/\/zlomujemy.com.pl\/wp-content\/uploads\/2020\/11\/3-768x576.jpg 768w, https:\/\/zlomujemy.com.pl\/wp-content\/uploads\/2020\/11\/3.jpg 1024w\" sizes=\"(max-width: 300px) 85vw, 300px\" \/><\/p>\n<p>Skup samochod\u00f3w Siemianowice \u015al\u0105skie\u00a0 \u00a0 \u00a0 \u00a0 \u00a0 \u00a0 \u00a0 \u00a0 \u00a0 \u00a0 \u00a0 \u00a0 \u00a0 \u00a0\u00a0<img loading=\"lazy\" decoding=\"async\" class=\"alignnone size-medium wp-image-98\" src=\"http:\/\/zlomujemy.com.pl\/wp-content\/uploads\/2020\/11\/2-300x199.jpg\" alt=\"\" width=\"300\" height=\"199\" srcset=\"https:\/\/zlomujemy.com.pl\/wp-content\/uploads\/2020\/11\/2-300x199.jpg 300w, https:\/\/zlomujemy.com.pl\/wp-content\/uploads\/2020\/11\/2-768x510.jpg 768w, https:\/\/zlomujemy.com.pl\/wp-content\/uploads\/2020\/11\/2-1024x680.jpg 1024w, https:\/\/zlomujemy.com.pl\/wp-content\/uploads\/2020\/11\/2-1200x797.jpg 1200w\" sizes=\"(max-width: 300px) 85vw, 300px\" \/><\/p>\n<p>Skup samochod\u00f3w Chorz\u00f3w\u00a0 \u00a0 \u00a0 \u00a0 \u00a0 \u00a0 \u00a0 \u00a0 \u00a0 \u00a0 \u00a0 \u00a0 \u00a0 \u00a0 \u00a0 \u00a0 \u00a0 \u00a0 \u00a0 \u00a0 \u00a0 \u00a0 \u00a0 \u00a0 \u00a0 \u00a0 \u00a0\u00a0<img loading=\"lazy\" decoding=\"async\" class=\"alignnone size-medium wp-image-105\" src=\"http:\/\/zlomujemy.com.pl\/wp-content\/uploads\/2020\/11\/1-1-300x225.jpg\" alt=\"\" width=\"300\" height=\"225\" srcset=\"https:\/\/zlomujemy.com.pl\/wp-content\/uploads\/2020\/11\/1-1-300x225.jpg 300w, https:\/\/zlomujemy.com.pl\/wp-content\/uploads\/2020\/11\/1-1-768x576.jpg 768w, https:\/\/zlomujemy.com.pl\/wp-content\/uploads\/2020\/11\/1-1-1024x768.jpg 1024w, https:\/\/zlomujemy.com.pl\/wp-content\/uploads\/2020\/11\/1-1-1200x900.jpg 1200w\" sizes=\"(max-width: 300px) 85vw, 300px\" \/><\/p>\n<p>Skup samochod\u00f3w Bytom\u00a0 \u00a0 \u00a0 \u00a0 \u00a0 \u00a0 \u00a0 \u00a0 \u00a0 \u00a0 \u00a0 \u00a0 \u00a0 \u00a0 \u00a0 \u00a0 \u00a0 \u00a0 \u00a0 \u00a0 \u00a0 \u00a0 \u00a0 \u00a0 \u00a0 \u00a0 \u00a0 \u00a0 \u00a0\u00a0<img loading=\"lazy\" decoding=\"async\" class=\"alignnone size-medium wp-image-107\" src=\"http:\/\/zlomujemy.com.pl\/wp-content\/uploads\/2020\/11\/IMG_4531-300x225.jpg\" alt=\"\" width=\"300\" height=\"225\" srcset=\"https:\/\/zlomujemy.com.pl\/wp-content\/uploads\/2020\/11\/IMG_4531-300x225.jpg 300w, https:\/\/zlomujemy.com.pl\/wp-content\/uploads\/2020\/11\/IMG_4531-768x576.jpg 768w, https:\/\/zlomujemy.com.pl\/wp-content\/uploads\/2020\/11\/IMG_4531-1024x768.jpg 1024w, https:\/\/zlomujemy.com.pl\/wp-content\/uploads\/2020\/11\/IMG_4531-1200x900.jpg 1200w\" sizes=\"(max-width: 300px) 85vw, 300px\" \/><\/p>\n<p>Skup samochod\u00f3w Zabrze\u00a0 \u00a0 \u00a0 \u00a0 \u00a0 \u00a0 \u00a0 \u00a0 \u00a0 \u00a0 \u00a0 \u00a0 \u00a0 \u00a0 \u00a0 \u00a0 \u00a0 \u00a0 \u00a0 \u00a0 \u00a0 \u00a0 \u00a0 \u00a0 \u00a0 \u00a0 \u00a0 \u00a0 \u00a0<img loading=\"lazy\" decoding=\"async\" class=\"alignnone size-medium wp-image-106\" src=\"http:\/\/zlomujemy.com.pl\/wp-content\/uploads\/2020\/11\/1-2-300x225.jpg\" alt=\"\" width=\"300\" height=\"225\" srcset=\"https:\/\/zlomujemy.com.pl\/wp-content\/uploads\/2020\/11\/1-2-300x225.jpg 300w, https:\/\/zlomujemy.com.pl\/wp-content\/uploads\/2020\/11\/1-2-768x576.jpg 768w, https:\/\/zlomujemy.com.pl\/wp-content\/uploads\/2020\/11\/1-2-1024x768.jpg 1024w, https:\/\/zlomujemy.com.pl\/wp-content\/uploads\/2020\/11\/1-2-1200x900.jpg 1200w\" sizes=\"(max-width: 300px) 85vw, 300px\" \/><\/p>\n<p>Skup\u00a0samochod\u00f3w Gliwice\u00a0 \u00a0 \u00a0 \u00a0 \u00a0 \u00a0 \u00a0 \u00a0 \u00a0 \u00a0 \u00a0 \u00a0 \u00a0 \u00a0 \u00a0 \u00a0 \u00a0 \u00a0 \u00a0 \u00a0 \u00a0 \u00a0 \u00a0 \u00a0 \u00a0 \u00a0 \u00a0 \u00a0\u00a0<img loading=\"lazy\" decoding=\"async\" class=\"alignnone size-medium wp-image-101\" src=\"http:\/\/zlomujemy.com.pl\/wp-content\/uploads\/2020\/11\/2da158f0-a614-4557-90ec-01945c2bc7aa-300x169.jpg\" alt=\"\" width=\"300\" height=\"169\" srcset=\"https:\/\/zlomujemy.com.pl\/wp-content\/uploads\/2020\/11\/2da158f0-a614-4557-90ec-01945c2bc7aa-300x169.jpg 300w, https:\/\/zlomujemy.com.pl\/wp-content\/uploads\/2020\/11\/2da158f0-a614-4557-90ec-01945c2bc7aa-768x433.jpg 768w, https:\/\/zlomujemy.com.pl\/wp-content\/uploads\/2020\/11\/2da158f0-a614-4557-90ec-01945c2bc7aa-1024x577.jpg 1024w, https:\/\/zlomujemy.com.pl\/wp-content\/uploads\/2020\/11\/2da158f0-a614-4557-90ec-01945c2bc7aa.jpg 1080w\" sizes=\"(max-width: 300px) 85vw, 300px\" \/><\/p>\n<p>Skup samochod\u00f3w \u015awi\u0119toch\u0142owice\u00a0 \u00a0 \u00a0 \u00a0 \u00a0 \u00a0 \u00a0 \u00a0 \u00a0 \u00a0 \u00a0 \u00a0 \u00a0 \u00a0 \u00a0 \u00a0 \u00a0 \u00a0 \u00a0 \u00a0<img loading=\"lazy\" decoding=\"async\" class=\"alignnone size-medium wp-image-109\" src=\"http:\/\/zlomujemy.com.pl\/wp-content\/uploads\/2020\/11\/2-1-300x225.jpg\" alt=\"\" width=\"300\" height=\"225\" srcset=\"https:\/\/zlomujemy.com.pl\/wp-content\/uploads\/2020\/11\/2-1-300x225.jpg 300w, https:\/\/zlomujemy.com.pl\/wp-content\/uploads\/2020\/11\/2-1-768x576.jpg 768w, https:\/\/zlomujemy.com.pl\/wp-content\/uploads\/2020\/11\/2-1-1024x768.jpg 1024w, https:\/\/zlomujemy.com.pl\/wp-content\/uploads\/2020\/11\/2-1-1200x900.jpg 1200w\" sizes=\"(max-width: 300px) 85vw, 300px\" \/><\/p>\n<p>Skup samochod\u00f3w Ruda \u015al\u0105ska\u00a0 \u00a0 \u00a0 \u00a0 \u00a0 \u00a0 \u00a0 \u00a0 \u00a0 \u00a0 \u00a0 \u00a0 \u00a0 \u00a0 \u00a0 \u00a0 \u00a0 \u00a0 \u00a0 \u00a0 \u00a0 \u00a0 \u00a0 \u00a0<img loading=\"lazy\" decoding=\"async\" class=\"alignnone size-medium wp-image-110\" src=\"http:\/\/zlomujemy.com.pl\/wp-content\/uploads\/2020\/11\/IMAG0795-300x169.jpg\" alt=\"\" width=\"300\" height=\"169\" srcset=\"https:\/\/zlomujemy.com.pl\/wp-content\/uploads\/2020\/11\/IMAG0795-300x169.jpg 300w, https:\/\/zlomujemy.com.pl\/wp-content\/uploads\/2020\/11\/IMAG0795-768x433.jpg 768w, https:\/\/zlomujemy.com.pl\/wp-content\/uploads\/2020\/11\/IMAG0795-1024x577.jpg 1024w, https:\/\/zlomujemy.com.pl\/wp-content\/uploads\/2020\/11\/IMAG0795-1200x676.jpg 1200w\" sizes=\"(max-width: 300px) 85vw, 300px\" \/><\/p>\n","protected":false},"excerpt":{"rendered":"<p>Chcesz sprzeda\u0107 sw\u00f3j dotychczasowy samoch\u00f3d. Do nas mo\u017cesz dzwoni\u0107 7 dni w tygodniu. Wycenimy Twoje auto, tak aby obie strony by\u0142y zadowolone. Skup samochod\u00f3w Katowice\u00a0 \u00a0 \u00a0 \u00a0 \u00a0 \u00a0 \u00a0 \u00a0 \u00a0 \u00a0 \u00a0 \u00a0 \u00a0 \u00a0 \u00a0 \u00a0 \u00a0 \u00a0 \u00a0 \u00a0 \u00a0 \u00a0 \u00a0 \u00a0 \u00a0 \u00a0 \u00a0\u00a0 Skup samochod\u00f3w Miko\u0142\u00f3w\u00a0 \u00a0 &hellip; <a href=\"https:\/\/zlomujemy.com.pl\/index.php\/skup_samochodow\/\" class=\"more-link\">Czytaj dalej<span class=\"screen-reader-text\"> \u201eSkup samochod\u00f3w\u201d<\/span><\/a><\/p>\n","protected":false},"author":1,"featured_media":0,"parent":0,"menu_order":0,"comment_status":"closed","ping_status":"closed","template":"","meta":{"footnotes":""},"_links":{"self":[{"href":"https:\/\/zlomujemy.com.pl\/index.php\/wp-json\/wp\/v2\/pages\/10"}],"collection":[{"href":"https:\/\/zlomujemy.com.pl\/index.php\/wp-json\/wp\/v2\/pages"}],"about":[{"href":"https:\/\/zlomujemy.com.pl\/index.php\/wp-json\/wp\/v2\/types\/page"}],"author":[{"embeddable":true,"href":"https:\/\/zlomujemy.com.pl\/index.php\/wp-json\/wp\/v2\/users\/1"}],"replies":[{"embeddable":true,"href":"https:\/\/zlomujemy.com.pl\/index.php\/wp-json\/wp\/v2\/comments?post=10"}],"version-history":[{"count":8,"href":"https:\/\/zlomujemy.com.pl\/index.php\/wp-json\/wp\/v2\/pages\/10\/revisions"}],"predecessor-version":[{"id":111,"href":"https:\/\/zlomujemy.com.pl\/index.php\/wp-json\/wp\/v2\/pages\/10\/revisions\/111"}],"wp:attachment":[{"href":"https:\/\/zlomujemy.com.pl\/index.php\/wp-json\/wp\/v2\/media?parent=10"}],"curies":[{"name":"wp","href":"https:\/\/api.w.org\/{rel}","templated":true}]}}