{"id":92,"date":"2020-11-12T22:37:52","date_gmt":"2020-11-12T21:37:52","guid":{"rendered":"http:\/\/zlomujemy.com.pl\/?page_id=92"},"modified":"2023-02-24T22:22:32","modified_gmt":"2023-02-24T21:22:32","slug":"pomoc-drogowa-holowanie-laweta","status":"publish","type":"page","link":"https:\/\/zlomujemy.com.pl\/index.php\/pomoc-drogowa-holowanie-laweta\/","title":{"rendered":"Pomoc drogowa &#8211; holowanie &#8211; laweta"},"content":{"rendered":"<p>Tw\u00f3j samoch\u00f3d odm\u00f3wi\u0142 pos\u0142usze\u0144stwa, potrzebujesz holowania lub pomocy w podr\u00f3\u017cy? Jeste\u015bmy do Pa\u0144stwa dyspozycji 7 dni w tygodniu.<\/p>\n","protected":false},"excerpt":{"rendered":"<p>Tw\u00f3j samoch\u00f3d odm\u00f3wi\u0142 pos\u0142usze\u0144stwa, potrzebujesz holowania lub pomocy w podr\u00f3\u017cy? Jeste\u015bmy do Pa\u0144stwa dyspozycji 7 dni w tygodniu.<\/p>\n","protected":false},"author":1,"featured_media":0,"parent":0,"menu_order":0,"comment_status":"closed","ping_status":"closed","template":"","meta":{"footnotes":""},"_links":{"self":[{"href":"https:\/\/zlomujemy.com.pl\/index.php\/wp-json\/wp\/v2\/pages\/92"}],"collection":[{"href":"https:\/\/zlomujemy.com.pl\/index.php\/wp-json\/wp\/v2\/pages"}],"about":[{"href":"https:\/\/zlomujemy.com.pl\/index.php\/wp-json\/wp\/v2\/types\/page"}],"author":[{"embeddable":true,"href":"https:\/\/zlomujemy.com.pl\/index.php\/wp-json\/wp\/v2\/users\/1"}],"replies":[{"embeddable":true,"href":"https:\/\/zlomujemy.com.pl\/index.php\/wp-json\/wp\/v2\/comments?post=92"}],"version-history":[{"count":2,"href":"https:\/\/zlomujemy.com.pl\/index.php\/wp-json\/wp\/v2\/pages\/92\/revisions"}],"predecessor-version":[{"id":118,"href":"https:\/\/zlomujemy.com.pl\/index.php\/wp-json\/wp\/v2\/pages\/92\/revisions\/118"}],"wp:attachment":[{"href":"https:\/\/zlomujemy.com.pl\/index.php\/wp-json\/wp\/v2\/media?parent=92"}],"curies":[{"name":"wp","href":"https:\/\/api.w.org\/{rel}","templated":true}]}}